{"id":3868,"date":"2025-08-25T19:45:22","date_gmt":"2025-08-25T19:45:22","guid":{"rendered":"https:\/\/www.ingetronic24.com\/web\/?post_type=product&#038;p=3868"},"modified":"2026-01-23T15:59:20","modified_gmt":"2026-01-23T15:59:20","slug":"silv27-plus","status":"publish","type":"product","link":"https:\/\/www.ingetronic24.com\/web\/producto\/silv27-plus\/","title":{"rendered":"SILV27 PLUS"},"content":{"rendered":"<p>Silv27 Plus: La evoluci\u00f3n del control de acceso. Nuestra tecnolog\u00eda elimina lo innecesario: no m\u00e1s llaves, tarjetas ni controles. Simplemente instala nuestra app ingetronic24 y usa tu m\u00f3vil como la clave m\u00e1s moderna y segura.<\/p>\n","protected":false},"excerpt":{"rendered":"<p data-path-to-node=\"10,0\">Con Silv27 Plus, todo se gestiona desde un solo lugar: nuestra app ingetronic24. \u00a1Tu m\u00f3vil es la llave!<\/p>\n","protected":false},"featured_media":3927,"template":"","meta":[],"product_brand":[74],"product_cat":[38],"product_tag":[],"class_list":{"0":"post-3868","1":"product","2":"type-product","3":"status-publish","4":"has-post-thumbnail","6":"product_brand-ingetronic24","7":"product_cat-silv27","10":"first","11":"instock","12":"shipping-taxable","13":"purchasable","14":"product-type-simple"},"_links":{"self":[{"href":"https:\/\/www.ingetronic24.com\/web\/wp-json\/wp\/v2\/product\/3868","targetHints":{"allow":["GET"]}}],"collection":[{"href":"https:\/\/www.ingetronic24.com\/web\/wp-json\/wp\/v2\/product"}],"about":[{"href":"https:\/\/www.ingetronic24.com\/web\/wp-json\/wp\/v2\/types\/product"}],"wp:featuredmedia":[{"embeddable":true,"href":"https:\/\/www.ingetronic24.com\/web\/wp-json\/wp\/v2\/media\/3927"}],"wp:attachment":[{"href":"https:\/\/www.ingetronic24.com\/web\/wp-json\/wp\/v2\/media?parent=3868"}],"wp:term":[{"taxonomy":"product_brand","embeddable":true,"href":"https:\/\/www.ingetronic24.com\/web\/wp-json\/wp\/v2\/product_brand?post=3868"},{"taxonomy":"product_cat","embeddable":true,"href":"https:\/\/www.ingetronic24.com\/web\/wp-json\/wp\/v2\/product_cat?post=3868"},{"taxonomy":"product_tag","embeddable":true,"href":"https:\/\/www.ingetronic24.com\/web\/wp-json\/wp\/v2\/product_tag?post=3868"}],"curies":[{"name":"wp","href":"https:\/\/api.w.org\/{rel}","templated":true}]}}