{"id":3384,"date":"2025-05-29T16:35:27","date_gmt":"2025-05-29T16:35:27","guid":{"rendered":"https:\/\/ingetronic24.com\/web\/?post_type=product&#038;p=3384"},"modified":"2026-01-24T00:36:17","modified_gmt":"2026-01-24T00:36:17","slug":"silv27-control-de-acceso-single","status":"publish","type":"product","link":"https:\/\/www.ingetronic24.com\/web\/producto\/silv27-control-de-acceso-single\/","title":{"rendered":"Silv27 Control de Acceso single y asistencia"},"content":{"rendered":"<ol>\n<li>SILV27 es un sistema compacto de Control de Acceso y Asistencia que simplifica la gesti\u00f3n de personal. Con una <strong>l<\/strong>ectora de proximidad , permite una entrada y salida r\u00e1pidas y seguras mediante tarjetas o llaveros, registrando autom\u00e1ticamente la asistencia para un control eficiente y sin complicaciones. Ideal para un punto de acceso \u00fanico.<\/li>\n<\/ol>\n","protected":false},"excerpt":{"rendered":"<p>Silv27 Control de Acceso y asistencia con una lectora de proximidad!<\/p>\n<p><a href=\"https:\/\/www.youtube.com\/watch?reload=9&amp;v=lTCFP45AKA8&amp;embeds_referring_euri=https%3A%2F%2Fwww.ingetronic24.com%2F&amp;source_ve_path=OTY3MTQ\" target=\"_blank\" rel=\"noopener\">Video<\/a><\/p>\n","protected":false},"featured_media":3385,"template":"","meta":[],"product_brand":[74],"product_cat":[38],"product_tag":[],"class_list":{"0":"post-3384","1":"product","2":"type-product","3":"status-publish","4":"has-post-thumbnail","6":"product_brand-ingetronic24","7":"product_cat-silv27","10":"first","11":"instock","12":"shipping-taxable","13":"purchasable","14":"product-type-simple"},"_links":{"self":[{"href":"https:\/\/www.ingetronic24.com\/web\/wp-json\/wp\/v2\/product\/3384","targetHints":{"allow":["GET"]}}],"collection":[{"href":"https:\/\/www.ingetronic24.com\/web\/wp-json\/wp\/v2\/product"}],"about":[{"href":"https:\/\/www.ingetronic24.com\/web\/wp-json\/wp\/v2\/types\/product"}],"wp:featuredmedia":[{"embeddable":true,"href":"https:\/\/www.ingetronic24.com\/web\/wp-json\/wp\/v2\/media\/3385"}],"wp:attachment":[{"href":"https:\/\/www.ingetronic24.com\/web\/wp-json\/wp\/v2\/media?parent=3384"}],"wp:term":[{"taxonomy":"product_brand","embeddable":true,"href":"https:\/\/www.ingetronic24.com\/web\/wp-json\/wp\/v2\/product_brand?post=3384"},{"taxonomy":"product_cat","embeddable":true,"href":"https:\/\/www.ingetronic24.com\/web\/wp-json\/wp\/v2\/product_cat?post=3384"},{"taxonomy":"product_tag","embeddable":true,"href":"https:\/\/www.ingetronic24.com\/web\/wp-json\/wp\/v2\/product_tag?post=3384"}],"curies":[{"name":"wp","href":"https:\/\/api.w.org\/{rel}","templated":true}]}}