{"id":3382,"date":"2025-05-29T16:26:16","date_gmt":"2025-05-29T16:26:16","guid":{"rendered":"https:\/\/ingetronic24.com\/web\/?post_type=product&#038;p=3382"},"modified":"2026-01-24T00:36:48","modified_gmt":"2026-01-24T00:36:48","slug":"silv27-control-de-acceso","status":"publish","type":"product","link":"https:\/\/www.ingetronic24.com\/web\/producto\/silv27-control-de-acceso\/","title":{"rendered":"Silv27 Control de acceso dual y asistencia Ingetronic24"},"content":{"rendered":"<p data-sourcepos=\"7:1-7:281\">Silv27 Control de Acceso Dual y Asistencia\u00a0 es una soluci\u00f3n avanzada dise\u00f1ada para gestionar de forma integral y precisa el acceso y el registro de asistencia en una \u00fanica puerta, controlando y registrando espec\u00edficamente tanto la entrada como la salida.<\/p>\n<p data-sourcepos=\"9:1-9:191\">Este sistema es perfecto para organizaciones que necesitan un seguimiento detallado del flujo de personas en un punto espec\u00edfico, garantizando que cada movimiento sea autorizado y registrado.<\/p>\n","protected":false},"excerpt":{"rendered":"<p>Control de Acceso Dual y Asistencia Silv27 con 2 lectoras de Proximidad!<\/p>\n<p><a href=\"https:\/\/www.youtube.com\/watch?v=yZ1FjwTNBls\" target=\"_blank\" rel=\"noopener\">Video<\/a><\/p>\n<p>&nbsp;<\/p>\n<p>&nbsp;<\/p>\n","protected":false},"featured_media":3383,"template":"","meta":[],"product_brand":[74],"product_cat":[38],"product_tag":[],"class_list":{"0":"post-3382","1":"product","2":"type-product","3":"status-publish","4":"has-post-thumbnail","6":"product_brand-ingetronic24","7":"product_cat-silv27","10":"first","11":"instock","12":"shipping-taxable","13":"purchasable","14":"product-type-simple"},"_links":{"self":[{"href":"https:\/\/www.ingetronic24.com\/web\/wp-json\/wp\/v2\/product\/3382","targetHints":{"allow":["GET"]}}],"collection":[{"href":"https:\/\/www.ingetronic24.com\/web\/wp-json\/wp\/v2\/product"}],"about":[{"href":"https:\/\/www.ingetronic24.com\/web\/wp-json\/wp\/v2\/types\/product"}],"wp:featuredmedia":[{"embeddable":true,"href":"https:\/\/www.ingetronic24.com\/web\/wp-json\/wp\/v2\/media\/3383"}],"wp:attachment":[{"href":"https:\/\/www.ingetronic24.com\/web\/wp-json\/wp\/v2\/media?parent=3382"}],"wp:term":[{"taxonomy":"product_brand","embeddable":true,"href":"https:\/\/www.ingetronic24.com\/web\/wp-json\/wp\/v2\/product_brand?post=3382"},{"taxonomy":"product_cat","embeddable":true,"href":"https:\/\/www.ingetronic24.com\/web\/wp-json\/wp\/v2\/product_cat?post=3382"},{"taxonomy":"product_tag","embeddable":true,"href":"https:\/\/www.ingetronic24.com\/web\/wp-json\/wp\/v2\/product_tag?post=3382"}],"curies":[{"name":"wp","href":"https:\/\/api.w.org\/{rel}","templated":true}]}}