{"id":3310,"date":"2023-02-23T19:44:30","date_gmt":"2023-02-23T19:44:30","guid":{"rendered":"https:\/\/ingetronic24.com\/web\/?post_type=product&#038;p=3310"},"modified":"2025-07-15T21:53:51","modified_gmt":"2025-07-15T21:53:51","slug":"silv27-control-de-acceso-biometrico-facial-y-huellas","status":"publish","type":"product","link":"https:\/\/www.ingetronic24.com\/web\/producto\/silv27-control-de-acceso-biometrico-facial-y-huellas\/","title":{"rendered":"Silv27 Control de acceso Biometrico Facial y Huellas"},"content":{"rendered":"<p>Silv27 Control de Acceso Biom\u00e9trico Facial y de Huellas\u00a0ofrece seguridad de vanguardia al identificar usuarios mediante su rostro o huella dactilar. Este sistema avanzado garantiza un acceso r\u00e1pido y preciso, eliminando la necesidad de credenciales f\u00edsicas y proporcionando una gesti\u00f3n robusta para el control de personal y la asistencia.<\/p>\n","protected":false},"excerpt":{"rendered":"<p>Silv27 Control de Acceso Biom\u00e9trico Facial y Huellas<\/p>\n<p><a href=\"https:\/\/www.youtube.com\/watch?v=lIBLDch3PfU\" target=\"_blank\" rel=\"noopener\">Video<\/a><\/p>\n","protected":false},"featured_media":3311,"template":"","meta":[],"product_brand":[74],"product_cat":[38],"product_tag":[],"class_list":{"0":"post-3310","1":"product","2":"type-product","3":"status-publish","4":"has-post-thumbnail","6":"product_brand-ingetronic24","7":"product_cat-silv27","10":"first","11":"instock","12":"shipping-taxable","13":"purchasable","14":"product-type-simple"},"_links":{"self":[{"href":"https:\/\/www.ingetronic24.com\/web\/wp-json\/wp\/v2\/product\/3310","targetHints":{"allow":["GET"]}}],"collection":[{"href":"https:\/\/www.ingetronic24.com\/web\/wp-json\/wp\/v2\/product"}],"about":[{"href":"https:\/\/www.ingetronic24.com\/web\/wp-json\/wp\/v2\/types\/product"}],"wp:featuredmedia":[{"embeddable":true,"href":"https:\/\/www.ingetronic24.com\/web\/wp-json\/wp\/v2\/media\/3311"}],"wp:attachment":[{"href":"https:\/\/www.ingetronic24.com\/web\/wp-json\/wp\/v2\/media?parent=3310"}],"wp:term":[{"taxonomy":"product_brand","embeddable":true,"href":"https:\/\/www.ingetronic24.com\/web\/wp-json\/wp\/v2\/product_brand?post=3310"},{"taxonomy":"product_cat","embeddable":true,"href":"https:\/\/www.ingetronic24.com\/web\/wp-json\/wp\/v2\/product_cat?post=3310"},{"taxonomy":"product_tag","embeddable":true,"href":"https:\/\/www.ingetronic24.com\/web\/wp-json\/wp\/v2\/product_tag?post=3310"}],"curies":[{"name":"wp","href":"https:\/\/api.w.org\/{rel}","templated":true}]}}